{"id":5662,"date":"2025-12-07T15:40:56","date_gmt":"2025-12-07T15:40:56","guid":{"rendered":"https:\/\/kaelisse.com\/?page_id=5662"},"modified":"2025-12-07T15:45:50","modified_gmt":"2025-12-07T15:45:50","slug":"voucher-kaelisse","status":"publish","type":"page","link":"https:\/\/kaelisse.com\/index.php\/voucher-kaelisse\/","title":{"rendered":"Voucher Kaelisse"},"content":{"rendered":"\t\t<div data-elementor-type=\"wp-page\" data-elementor-id=\"5662\" class=\"elementor elementor-5662\" data-elementor-post-type=\"page\">\n\t\t\t\t\t\t<section class=\"elementor-section elementor-top-section elementor-element elementor-element-84067ca elementor-section-full_width elementor-section-height-min-height elementor-section-height-default elementor-section-items-middle mkdf-parallax-row-no mkdf-content-aligment-left mkdf-row-grid-no mkdf-disabled-bg-image-bellow-no\" data-id=\"84067ca\" data-element_type=\"section\" data-settings=\"{&quot;background_background&quot;:&quot;classic&quot;}\">\n\t\t\t\t\t\t<div class=\"elementor-container elementor-column-gap-default\">\n\t\t\t\t\t<div class=\"elementor-column elementor-col-100 elementor-top-column elementor-element elementor-element-d5c69af\" data-id=\"d5c69af\" data-element_type=\"column\">\n\t\t\t<div class=\"elementor-widget-wrap\">\n\t\t\t\t\t\t\t<\/div>\n\t\t<\/div>\n\t\t\t\t\t<\/div>\n\t\t<\/section>\n\t\t\t\t<section class=\"elementor-section elementor-top-section elementor-element elementor-element-c93b11c elementor-section-boxed elementor-section-height-default elementor-section-height-default mkdf-parallax-row-no mkdf-content-aligment-left mkdf-row-grid-no mkdf-disabled-bg-image-bellow-no\" data-id=\"c93b11c\" data-element_type=\"section\" data-settings=\"{&quot;background_background&quot;:&quot;classic&quot;}\">\n\t\t\t\t\t\t<div class=\"elementor-container elementor-column-gap-default\">\n\t\t\t\t\t<div class=\"elementor-column elementor-col-33 elementor-top-column elementor-element elementor-element-444d301\" data-id=\"444d301\" data-element_type=\"column\">\n\t\t\t<div class=\"elementor-widget-wrap\">\n\t\t\t\t\t\t\t<\/div>\n\t\t<\/div>\n\t\t\t\t<div class=\"elementor-column elementor-col-33 elementor-top-column elementor-element elementor-element-a04cd25\" data-id=\"a04cd25\" data-element_type=\"column\" data-settings=\"{&quot;background_background&quot;:&quot;classic&quot;}\">\n\t\t\t<div class=\"elementor-widget-wrap elementor-element-populated\">\n\t\t\t\t\t\t<div class=\"elementor-element elementor-element-473d6da elementor-widget elementor-widget-mkdf_section_title\" data-id=\"473d6da\" data-element_type=\"widget\" data-widget_type=\"mkdf_section_title.default\">\n\t\t\t\t<div class=\"elementor-widget-container\">\n\t\t\t\t\t<div class=\"mkdf-section-title-holder   mkdf-st-center-position  \" style=\"text-align: center\">\n\t<div class=\"mkdf-st-inner\">\n\t\t\t\t\t\t\t\t\t<h2 class=\"mkdf-st-title\" >\n\t\t\t\tVoucher Kaelisse \u2013 Cadoul care devine parfum\t\t\t<\/h2>\n\t\t\t\t\t\t\t\t\t<p class=\"mkdf-st-text\" style=\"line-height: 20px;margin-top: 12px\">\n\t\t\t\t\n\nC\u00e2nd nu \u0219tii ce parfum s\u0103 alegi, nu alegi tu. La\u0219i persoana s\u0103-\u0219i creeze propriul parfum.\n\n\nEste cadoul potrivit pentru:\n-persoane care s-au s\u0103turat de parfumuri comerciale,\n=cei care vor ceva cu adev\u0103rat personal,\n-anivers\u0103ri, s\u0103rb\u0103tori, evenimente speciale,\nsau pur \u0219i simplu, un r\u0103sf\u0103\u021b autentic.\n\n\nVoucherul poate fi folosit \u00een loca\u021bia Kaelisse, \u00een limita stocului de esen\u021be disponibile \u0219i este valabil conform termenilor afi\u0219a\u021bi.\n\nUn parfum se consum\u0103. O experien\u021b\u0103 se \u021bine minte.\t\t\t<\/p>\n\t\t\t\t\t\t\t\t\t<\/div>\n<\/div>\t\t\t\t<\/div>\n\t\t\t\t<\/div>\n\t\t\t\t\t<\/div>\n\t\t<\/div>\n\t\t\t\t<div class=\"elementor-column elementor-col-33 elementor-top-column elementor-element elementor-element-3798bfa\" data-id=\"3798bfa\" data-element_type=\"column\">\n\t\t\t<div class=\"elementor-widget-wrap\">\n\t\t\t\t\t\t\t<\/div>\n\t\t<\/div>\n\t\t\t\t\t<\/div>\n\t\t<\/section>\n\t\t<div class=\"elementor-element elementor-element-85afe71 e-flex e-con-boxed e-con e-parent\" data-id=\"85afe71\" data-element_type=\"container\">\n\t\t\t\t\t<div class=\"e-con-inner\">\n\t\t\t\t<div class=\"elementor-element elementor-element-6495065 elementor-widget elementor-widget-image\" data-id=\"6495065\" data-element_type=\"widget\" data-widget_type=\"image.default\">\n\t\t\t\t\t\t\t\t\t\t\t\t\t\t\t<img fetchpriority=\"high\" decoding=\"async\" width=\"1024\" height=\"683\" src=\"https:\/\/kaelisse.com\/wp-content\/uploads\/2025\/12\/df5e643b-a8aa-445a-b5f8-5afd8d20c669e-1024x683.jpg\" class=\"attachment-large size-large wp-image-5664\" alt=\"\" srcset=\"https:\/\/kaelisse.com\/wp-content\/uploads\/2025\/12\/df5e643b-a8aa-445a-b5f8-5afd8d20c669e-1024x683.jpg 1024w, https:\/\/kaelisse.com\/wp-content\/uploads\/2025\/12\/df5e643b-a8aa-445a-b5f8-5afd8d20c669e-300x200.jpg 300w, https:\/\/kaelisse.com\/wp-content\/uploads\/2025\/12\/df5e643b-a8aa-445a-b5f8-5afd8d20c669e-768x512.jpg 768w, https:\/\/kaelisse.com\/wp-content\/uploads\/2025\/12\/df5e643b-a8aa-445a-b5f8-5afd8d20c669e-1536x1024.jpg 1536w, https:\/\/kaelisse.com\/wp-content\/uploads\/2025\/12\/df5e643b-a8aa-445a-b5f8-5afd8d20c669e-600x400.jpg 600w\" sizes=\"(max-width: 1024px) 100vw, 1024px\" \/>\t\t\t\t\t\t\t\t\t\t\t\t\t\t\t<\/div>\n\t\t\t\t<div class=\"elementor-element elementor-element-d687ccc elementor-widget elementor-widget-image\" data-id=\"d687ccc\" data-element_type=\"widget\" data-widget_type=\"image.default\">\n\t\t\t\t\t\t\t\t\t\t\t\t\t\t\t<img decoding=\"async\" width=\"1024\" height=\"683\" src=\"https:\/\/kaelisse.com\/wp-content\/uploads\/2025\/12\/df5e643b-a8aa-445a-b5f8-5afd8d0c669e-1024x683.jpg\" class=\"attachment-large size-large wp-image-5663\" alt=\"\" srcset=\"https:\/\/kaelisse.com\/wp-content\/uploads\/2025\/12\/df5e643b-a8aa-445a-b5f8-5afd8d0c669e-1024x683.jpg 1024w, https:\/\/kaelisse.com\/wp-content\/uploads\/2025\/12\/df5e643b-a8aa-445a-b5f8-5afd8d0c669e-300x200.jpg 300w, https:\/\/kaelisse.com\/wp-content\/uploads\/2025\/12\/df5e643b-a8aa-445a-b5f8-5afd8d0c669e-768x512.jpg 768w, https:\/\/kaelisse.com\/wp-content\/uploads\/2025\/12\/df5e643b-a8aa-445a-b5f8-5afd8d0c669e-1536x1024.jpg 1536w, https:\/\/kaelisse.com\/wp-content\/uploads\/2025\/12\/df5e643b-a8aa-445a-b5f8-5afd8d0c669e-600x400.jpg 600w\" sizes=\"(max-width: 1024px) 100vw, 1024px\" \/>\t\t\t\t\t\t\t\t\t\t\t\t\t\t\t<\/div>\n\t\t\t\t\t<\/div>\n\t\t\t\t<\/div>\n\t\t<div class=\"elementor-element elementor-element-fb8e8cd e-flex e-con-boxed e-con e-parent\" data-id=\"fb8e8cd\" data-element_type=\"container\">\n\t\t\t\t\t<div class=\"e-con-inner\">\n\t\t\t\t\t<\/div>\n\t\t\t\t<\/div>\n\t\t\t\t<\/div>\n\t\t","protected":false},"excerpt":{"rendered":"<p>Voucher Kaelisse \u2013 Cadoul care devine parfum C\u00e2nd nu \u0219tii ce parfum s\u0103 alegi, nu alegi tu. La\u0219i persoana s\u0103-\u0219i creeze propriul parfum. Este cadoul potrivit pentru: -persoane care s-au s\u0103turat de parfumuri comerciale, =cei care vor ceva cu adev\u0103rat [&hellip;]<\/p>\n","protected":false},"author":2,"featured_media":0,"parent":0,"menu_order":0,"comment_status":"closed","ping_status":"closed","template":"full-width.php","meta":{"footnotes":""},"class_list":["post-5662","page","type-page","status-publish","hentry"],"yoast_head":"<!-- This site is optimized with the Yoast SEO plugin v26.2 - https:\/\/yoast.com\/wordpress\/plugins\/seo\/ -->\n<title>Voucher Kaelisse - Kaelisse Perfume Bar<\/title>\n<meta name=\"robots\" content=\"index, follow, max-snippet:-1, max-image-preview:large, max-video-preview:-1\" \/>\n<link rel=\"canonical\" href=\"https:\/\/kaelisse.com\/index.php\/voucher-kaelisse\/\" \/>\n<meta property=\"og:locale\" content=\"en_US\" \/>\n<meta property=\"og:type\" content=\"article\" \/>\n<meta property=\"og:title\" content=\"Voucher Kaelisse - Kaelisse Perfume Bar\" \/>\n<meta property=\"og:description\" content=\"Voucher Kaelisse \u2013 Cadoul care devine parfum C\u00e2nd nu \u0219tii ce parfum s\u0103 alegi, nu alegi tu. La\u0219i persoana s\u0103-\u0219i creeze propriul parfum. Este cadoul potrivit pentru: -persoane care s-au s\u0103turat de parfumuri comerciale, =cei care vor ceva cu adev\u0103rat [&hellip;]\" \/>\n<meta property=\"og:url\" content=\"https:\/\/kaelisse.com\/index.php\/voucher-kaelisse\/\" \/>\n<meta property=\"og:site_name\" content=\"Kaelisse Perfume Bar\" \/>\n<meta property=\"article:publisher\" content=\"https:\/\/www.facebook.com\/kaelisse.perfume.bar\" \/>\n<meta property=\"article:modified_time\" content=\"2025-12-07T15:45:50+00:00\" \/>\n<meta property=\"og:image\" content=\"https:\/\/kaelisse.com\/wp-content\/uploads\/2025\/12\/df5e643b-a8aa-445a-b5f8-5afd8d20c669e-scaled.jpg\" \/>\n\t<meta property=\"og:image:width\" content=\"2560\" \/>\n\t<meta property=\"og:image:height\" content=\"1707\" \/>\n\t<meta property=\"og:image:type\" content=\"image\/jpeg\" \/>\n<meta name=\"twitter:card\" content=\"summary_large_image\" \/>\n<meta name=\"twitter:label1\" content=\"Est. reading time\" \/>\n\t<meta name=\"twitter:data1\" content=\"1 minute\" \/>\n<script type=\"application\/ld+json\" class=\"yoast-schema-graph\">{\"@context\":\"https:\/\/schema.org\",\"@graph\":[{\"@type\":\"WebPage\",\"@id\":\"https:\/\/kaelisse.com\/index.php\/voucher-kaelisse\/\",\"url\":\"https:\/\/kaelisse.com\/index.php\/voucher-kaelisse\/\",\"name\":\"Voucher Kaelisse - Kaelisse Perfume Bar\",\"isPartOf\":{\"@id\":\"https:\/\/kaelisse.com\/#website\"},\"primaryImageOfPage\":{\"@id\":\"https:\/\/kaelisse.com\/index.php\/voucher-kaelisse\/#primaryimage\"},\"image\":{\"@id\":\"https:\/\/kaelisse.com\/index.php\/voucher-kaelisse\/#primaryimage\"},\"thumbnailUrl\":\"https:\/\/kaelisse.com\/wp-content\/uploads\/2025\/12\/df5e643b-a8aa-445a-b5f8-5afd8d20c669e-1024x683.jpg\",\"datePublished\":\"2025-12-07T15:40:56+00:00\",\"dateModified\":\"2025-12-07T15:45:50+00:00\",\"breadcrumb\":{\"@id\":\"https:\/\/kaelisse.com\/index.php\/voucher-kaelisse\/#breadcrumb\"},\"inLanguage\":\"en-US\",\"potentialAction\":[{\"@type\":\"ReadAction\",\"target\":[\"https:\/\/kaelisse.com\/index.php\/voucher-kaelisse\/\"]}]},{\"@type\":\"ImageObject\",\"inLanguage\":\"en-US\",\"@id\":\"https:\/\/kaelisse.com\/index.php\/voucher-kaelisse\/#primaryimage\",\"url\":\"https:\/\/kaelisse.com\/wp-content\/uploads\/2025\/12\/df5e643b-a8aa-445a-b5f8-5afd8d20c669e-scaled.jpg\",\"contentUrl\":\"https:\/\/kaelisse.com\/wp-content\/uploads\/2025\/12\/df5e643b-a8aa-445a-b5f8-5afd8d20c669e-scaled.jpg\",\"width\":2560,\"height\":1707},{\"@type\":\"BreadcrumbList\",\"@id\":\"https:\/\/kaelisse.com\/index.php\/voucher-kaelisse\/#breadcrumb\",\"itemListElement\":[{\"@type\":\"ListItem\",\"position\":1,\"name\":\"Home\",\"item\":\"https:\/\/kaelisse.com\/\"},{\"@type\":\"ListItem\",\"position\":2,\"name\":\"Voucher Kaelisse\"}]},{\"@type\":\"WebSite\",\"@id\":\"https:\/\/kaelisse.com\/#website\",\"url\":\"https:\/\/kaelisse.com\/\",\"name\":\"Kaelisse Perfume Bar\",\"description\":\"Kaelisse Perfume Bar\",\"publisher\":{\"@id\":\"https:\/\/kaelisse.com\/#organization\"},\"potentialAction\":[{\"@type\":\"SearchAction\",\"target\":{\"@type\":\"EntryPoint\",\"urlTemplate\":\"https:\/\/kaelisse.com\/?s={search_term_string}\"},\"query-input\":{\"@type\":\"PropertyValueSpecification\",\"valueRequired\":true,\"valueName\":\"search_term_string\"}}],\"inLanguage\":\"en-US\"},{\"@type\":\"Organization\",\"@id\":\"https:\/\/kaelisse.com\/#organization\",\"name\":\"Kaelisse Perfume Bar\",\"url\":\"https:\/\/kaelisse.com\/\",\"logo\":{\"@type\":\"ImageObject\",\"inLanguage\":\"en-US\",\"@id\":\"https:\/\/kaelisse.com\/#\/schema\/logo\/image\/\",\"url\":\"https:\/\/kaelisse.com\/wp-content\/uploads\/2025\/11\/Logo.jpg\",\"contentUrl\":\"https:\/\/kaelisse.com\/wp-content\/uploads\/2025\/11\/Logo.jpg\",\"width\":512,\"height\":512,\"caption\":\"Kaelisse Perfume Bar\"},\"image\":{\"@id\":\"https:\/\/kaelisse.com\/#\/schema\/logo\/image\/\"},\"sameAs\":[\"https:\/\/www.facebook.com\/kaelisse.perfume.bar\"]}]}<\/script>\n<!-- \/ Yoast SEO plugin. -->","yoast_head_json":{"title":"Voucher Kaelisse - Kaelisse Perfume Bar","robots":{"index":"index","follow":"follow","max-snippet":"max-snippet:-1","max-image-preview":"max-image-preview:large","max-video-preview":"max-video-preview:-1"},"canonical":"https:\/\/kaelisse.com\/index.php\/voucher-kaelisse\/","og_locale":"en_US","og_type":"article","og_title":"Voucher Kaelisse - Kaelisse Perfume Bar","og_description":"Voucher Kaelisse \u2013 Cadoul care devine parfum C\u00e2nd nu \u0219tii ce parfum s\u0103 alegi, nu alegi tu. La\u0219i persoana s\u0103-\u0219i creeze propriul parfum. Este cadoul potrivit pentru: -persoane care s-au s\u0103turat de parfumuri comerciale, =cei care vor ceva cu adev\u0103rat [&hellip;]","og_url":"https:\/\/kaelisse.com\/index.php\/voucher-kaelisse\/","og_site_name":"Kaelisse Perfume Bar","article_publisher":"https:\/\/www.facebook.com\/kaelisse.perfume.bar","article_modified_time":"2025-12-07T15:45:50+00:00","og_image":[{"width":2560,"height":1707,"url":"https:\/\/kaelisse.com\/wp-content\/uploads\/2025\/12\/df5e643b-a8aa-445a-b5f8-5afd8d20c669e-scaled.jpg","type":"image\/jpeg"}],"twitter_card":"summary_large_image","twitter_misc":{"Est. reading time":"1 minute"},"schema":{"@context":"https:\/\/schema.org","@graph":[{"@type":"WebPage","@id":"https:\/\/kaelisse.com\/index.php\/voucher-kaelisse\/","url":"https:\/\/kaelisse.com\/index.php\/voucher-kaelisse\/","name":"Voucher Kaelisse - Kaelisse Perfume Bar","isPartOf":{"@id":"https:\/\/kaelisse.com\/#website"},"primaryImageOfPage":{"@id":"https:\/\/kaelisse.com\/index.php\/voucher-kaelisse\/#primaryimage"},"image":{"@id":"https:\/\/kaelisse.com\/index.php\/voucher-kaelisse\/#primaryimage"},"thumbnailUrl":"https:\/\/kaelisse.com\/wp-content\/uploads\/2025\/12\/df5e643b-a8aa-445a-b5f8-5afd8d20c669e-1024x683.jpg","datePublished":"2025-12-07T15:40:56+00:00","dateModified":"2025-12-07T15:45:50+00:00","breadcrumb":{"@id":"https:\/\/kaelisse.com\/index.php\/voucher-kaelisse\/#breadcrumb"},"inLanguage":"en-US","potentialAction":[{"@type":"ReadAction","target":["https:\/\/kaelisse.com\/index.php\/voucher-kaelisse\/"]}]},{"@type":"ImageObject","inLanguage":"en-US","@id":"https:\/\/kaelisse.com\/index.php\/voucher-kaelisse\/#primaryimage","url":"https:\/\/kaelisse.com\/wp-content\/uploads\/2025\/12\/df5e643b-a8aa-445a-b5f8-5afd8d20c669e-scaled.jpg","contentUrl":"https:\/\/kaelisse.com\/wp-content\/uploads\/2025\/12\/df5e643b-a8aa-445a-b5f8-5afd8d20c669e-scaled.jpg","width":2560,"height":1707},{"@type":"BreadcrumbList","@id":"https:\/\/kaelisse.com\/index.php\/voucher-kaelisse\/#breadcrumb","itemListElement":[{"@type":"ListItem","position":1,"name":"Home","item":"https:\/\/kaelisse.com\/"},{"@type":"ListItem","position":2,"name":"Voucher Kaelisse"}]},{"@type":"WebSite","@id":"https:\/\/kaelisse.com\/#website","url":"https:\/\/kaelisse.com\/","name":"Kaelisse Perfume Bar","description":"Kaelisse Perfume Bar","publisher":{"@id":"https:\/\/kaelisse.com\/#organization"},"potentialAction":[{"@type":"SearchAction","target":{"@type":"EntryPoint","urlTemplate":"https:\/\/kaelisse.com\/?s={search_term_string}"},"query-input":{"@type":"PropertyValueSpecification","valueRequired":true,"valueName":"search_term_string"}}],"inLanguage":"en-US"},{"@type":"Organization","@id":"https:\/\/kaelisse.com\/#organization","name":"Kaelisse Perfume Bar","url":"https:\/\/kaelisse.com\/","logo":{"@type":"ImageObject","inLanguage":"en-US","@id":"https:\/\/kaelisse.com\/#\/schema\/logo\/image\/","url":"https:\/\/kaelisse.com\/wp-content\/uploads\/2025\/11\/Logo.jpg","contentUrl":"https:\/\/kaelisse.com\/wp-content\/uploads\/2025\/11\/Logo.jpg","width":512,"height":512,"caption":"Kaelisse Perfume Bar"},"image":{"@id":"https:\/\/kaelisse.com\/#\/schema\/logo\/image\/"},"sameAs":["https:\/\/www.facebook.com\/kaelisse.perfume.bar"]}]}},"_links":{"self":[{"href":"https:\/\/kaelisse.com\/index.php\/wp-json\/wp\/v2\/pages\/5662","targetHints":{"allow":["GET"]}}],"collection":[{"href":"https:\/\/kaelisse.com\/index.php\/wp-json\/wp\/v2\/pages"}],"about":[{"href":"https:\/\/kaelisse.com\/index.php\/wp-json\/wp\/v2\/types\/page"}],"author":[{"embeddable":true,"href":"https:\/\/kaelisse.com\/index.php\/wp-json\/wp\/v2\/users\/2"}],"replies":[{"embeddable":true,"href":"https:\/\/kaelisse.com\/index.php\/wp-json\/wp\/v2\/comments?post=5662"}],"version-history":[{"count":3,"href":"https:\/\/kaelisse.com\/index.php\/wp-json\/wp\/v2\/pages\/5662\/revisions"}],"predecessor-version":[{"id":5667,"href":"https:\/\/kaelisse.com\/index.php\/wp-json\/wp\/v2\/pages\/5662\/revisions\/5667"}],"wp:attachment":[{"href":"https:\/\/kaelisse.com\/index.php\/wp-json\/wp\/v2\/media?parent=5662"}],"curies":[{"name":"wp","href":"https:\/\/api.w.org\/{rel}","templated":true}]}}