{"id":5463,"date":"2025-11-02T09:10:05","date_gmt":"2025-11-02T09:10:05","guid":{"rendered":"https:\/\/kaelisse.com\/?page_id=5463"},"modified":"2025-11-02T20:37:23","modified_gmt":"2025-11-02T20:37:23","slug":"produsele-kaelisse","status":"publish","type":"page","link":"https:\/\/kaelisse.com\/index.php\/produsele-kaelisse\/","title":{"rendered":"Produse"},"content":{"rendered":"\t\t<div data-elementor-type=\"wp-page\" data-elementor-id=\"5463\" class=\"elementor elementor-5463\" data-elementor-post-type=\"page\">\n\t\t\t\t\t\t<section class=\"elementor-section elementor-top-section elementor-element elementor-element-70ac6a7 elementor-section-boxed elementor-section-height-default elementor-section-height-default mkdf-parallax-row-no mkdf-content-aligment-left mkdf-row-grid-no mkdf-disabled-bg-image-bellow-no\" data-id=\"70ac6a7\" data-element_type=\"section\">\n\t\t\t\t\t\t<div class=\"elementor-container elementor-column-gap-default\">\n\t\t\t\t\t<div class=\"elementor-column elementor-col-100 elementor-top-column elementor-element elementor-element-70f99c3\" data-id=\"70f99c3\" data-element_type=\"column\">\n\t\t\t<div class=\"elementor-widget-wrap\">\n\t\t\t\t\t\t\t<\/div>\n\t\t<\/div>\n\t\t\t\t\t<\/div>\n\t\t<\/section>\n\t\t<div class=\"elementor-element elementor-element-bfa3ca6 e-flex e-con-boxed e-con e-parent\" data-id=\"bfa3ca6\" data-element_type=\"container\">\n\t\t\t\t\t<div class=\"e-con-inner\">\n\t\t<div class=\"elementor-element elementor-element-adcac77 e-con-full e-flex e-con e-child\" data-id=\"adcac77\" data-element_type=\"container\">\n\t\t<div class=\"elementor-element elementor-element-41991c8 e-con-full e-flex e-con e-child\" data-id=\"41991c8\" data-element_type=\"container\">\n\t\t<div class=\"elementor-element elementor-element-9395e0f e-con-full e-flex e-con e-child\" data-id=\"9395e0f\" data-element_type=\"container\">\n\t\t\t\t<div class=\"elementor-element elementor-element-3d91e7d elementor-widget elementor-widget-image\" data-id=\"3d91e7d\" data-element_type=\"widget\" data-widget_type=\"image.default\">\n\t\t\t\t\t\t\t\t\t\t\t\t\t\t\t<img fetchpriority=\"high\" decoding=\"async\" width=\"683\" height=\"1024\" src=\"https:\/\/kaelisse.com\/wp-content\/uploads\/2025\/11\/Eveil-Secret.jpg\" class=\"attachment-large size-large wp-image-5497\" alt=\"\" \/>\t\t\t\t\t\t\t\t\t\t\t\t\t\t\t<\/div>\n\t\t\t\t<div class=\"elementor-element elementor-element-3326e91 elementor-widget elementor-widget-image\" data-id=\"3326e91\" data-element_type=\"widget\" data-widget_type=\"image.default\">\n\t\t\t\t\t\t\t\t\t\t\t\t\t\t\t<img decoding=\"async\" width=\"683\" height=\"1024\" src=\"https:\/\/kaelisse.com\/wp-content\/uploads\/2025\/11\/Creation-signee.jpg\" class=\"attachment-large size-large wp-image-5493\" alt=\"\" \/>\t\t\t\t\t\t\t\t\t\t\t\t\t\t\t<\/div>\n\t\t\t\t<div class=\"elementor-element elementor-element-b06b28a elementor-widget elementor-widget-image\" data-id=\"b06b28a\" data-element_type=\"widget\" data-widget_type=\"image.default\">\n\t\t\t\t\t\t\t\t\t\t\t\t\t\t\t<img decoding=\"async\" width=\"683\" height=\"1024\" src=\"https:\/\/kaelisse.com\/wp-content\/uploads\/2025\/11\/Rouge-brule.jpg\" class=\"attachment-large size-large wp-image-5501\" alt=\"\" \/>\t\t\t\t\t\t\t\t\t\t\t\t\t\t\t<\/div>\n\t\t\t\t<\/div>\n\t\t<div class=\"elementor-element elementor-element-268c877 e-con-full e-flex e-con e-child\" data-id=\"268c877\" data-element_type=\"container\">\n\t\t\t\t<div class=\"elementor-element elementor-element-dec15cb elementor-widget elementor-widget-image\" data-id=\"dec15cb\" data-element_type=\"widget\" data-widget_type=\"image.default\">\n\t\t\t\t\t\t\t\t\t\t\t\t\t\t\t<img loading=\"lazy\" decoding=\"async\" width=\"683\" height=\"1024\" src=\"https:\/\/kaelisse.com\/wp-content\/uploads\/2025\/11\/Eclipse-gourmande.jpg\" class=\"attachment-large size-large wp-image-5495\" alt=\"\" \/>\t\t\t\t\t\t\t\t\t\t\t\t\t\t\t<\/div>\n\t\t\t\t<div class=\"elementor-element elementor-element-a73b181 elementor-widget elementor-widget-image\" data-id=\"a73b181\" data-element_type=\"widget\" data-widget_type=\"image.default\">\n\t\t\t\t\t\t\t\t\t\t\t\t\t\t\t<img loading=\"lazy\" decoding=\"async\" width=\"683\" height=\"1024\" src=\"https:\/\/kaelisse.com\/wp-content\/uploads\/2025\/11\/Mango-Sorbet-1.jpg\" class=\"attachment-large size-large wp-image-5500\" alt=\"\" \/>\t\t\t\t\t\t\t\t\t\t\t\t\t\t\t<\/div>\n\t\t\t\t<div class=\"elementor-element elementor-element-479e4f7 elementor-widget elementor-widget-image\" data-id=\"479e4f7\" data-element_type=\"widget\" data-widget_type=\"image.default\">\n\t\t\t\t\t\t\t\t\t\t\t\t\t\t\t<img loading=\"lazy\" decoding=\"async\" width=\"683\" height=\"1024\" src=\"https:\/\/kaelisse.com\/wp-content\/uploads\/2025\/11\/Tresor-dOrient.jpg\" class=\"attachment-large size-large wp-image-5503\" alt=\"\" \/>\t\t\t\t\t\t\t\t\t\t\t\t\t\t\t<\/div>\n\t\t\t\t<\/div>\n\t\t\t\t<\/div>\n\t\t<div class=\"elementor-element elementor-element-e60022f e-con-full e-flex e-con e-child\" data-id=\"e60022f\" data-element_type=\"container\">\n\t\t\t\t<div class=\"elementor-element elementor-element-51a9b1e elementor-widget elementor-widget-heading\" data-id=\"51a9b1e\" data-element_type=\"widget\" data-widget_type=\"heading.default\">\n\t\t\t\t\t<h3 class=\"elementor-heading-title elementor-size-default\">Produsele Kaelisse<\/h3>\t\t\t\t<\/div>\n\t\t\t\t<div class=\"elementor-element elementor-element-8656b86 elementor-widget elementor-widget-text-editor\" data-id=\"8656b86\" data-element_type=\"widget\" data-widget_type=\"text-editor.default\">\n\t\t\t\t\t\t\t\t\t<p data-start=\"292\" data-end=\"519\">Fiecare parfum Kaelisse este o poveste scris\u0103 \u00een note olfactive.<br data-start=\"356\" data-end=\"359\" \/>Inspirate din contraste, emo\u021bii \u0219i locuri care trezesc amintiri, esen\u021bele noastre \u00eembin\u0103 arta parfumeriei franceze cu o viziune contemporan\u0103 asupra elegan\u021bei.<\/p><p data-start=\"521\" data-end=\"792\">Colec\u021bia reune\u0219te arome gurmande, florale, lemnoase \u0219i orientale, create pentru a exprima personalitatea fiec\u0103ruia dintre noi \u2014 de la rafinamentul discret al <strong data-start=\"679\" data-end=\"695\">Aura Blanche<\/strong>, la intensitatea senzual\u0103 a <strong data-start=\"724\" data-end=\"744\">Empire de Safran<\/strong>, p\u00e2n\u0103 la energia solar\u0103 a <strong data-start=\"771\" data-end=\"789\">Lumi\u00e8re d\u2019Azur<\/strong>.<\/p><p data-start=\"794\" data-end=\"1004\">Fiecare sticl\u0103 ascunde o experien\u021b\u0103 unic\u0103, menit\u0103 s\u0103 te \u00eenv\u0103luie \u0219i s\u0103 te \u00eenso\u021beasc\u0103 \u00een fiecare moment al zilei.<br data-start=\"906\" data-end=\"909\" \/>Kaelisse nu este doar un parfum \u2014 este o stare, o amprent\u0103, o form\u0103 de art\u0103 purtat\u0103 pe piele.<\/p>\t\t\t\t\t\t\t\t<\/div>\n\t\t\t\t<div class=\"elementor-element elementor-element-dc91de1 elementor-mobile-align-center elementor-invisible elementor-widget elementor-widget-button\" data-id=\"dc91de1\" data-element_type=\"widget\" data-settings=\"{&quot;_animation&quot;:&quot;fadeInDown&quot;}\" data-widget_type=\"button.default\">\n\t\t\t\t\t\t\t\t\t\t<a class=\"elementor-button elementor-button-link elementor-size-sm\" href=\"tel:+40790077296\">\n\t\t\t\t\t\t<span class=\"elementor-button-content-wrapper\">\n\t\t\t\t\t\t\t\t\t<span class=\"elementor-button-text\">Cumpara acum<\/span>\n\t\t\t\t\t<\/span>\n\t\t\t\t\t<\/a>\n\t\t\t\t\t\t\t\t<\/div>\n\t\t\t\t<\/div>\n\t\t\t\t<\/div>\n\t\t\t\t\t<\/div>\n\t\t\t\t<\/div>\n\t\t\t\t<\/div>\n\t\t","protected":false},"excerpt":{"rendered":"<p>Produsele Kaelisse Fiecare parfum Kaelisse este o poveste scris\u0103 \u00een note olfactive.Inspirate din contraste, emo\u021bii \u0219i locuri care trezesc amintiri, esen\u021bele noastre \u00eembin\u0103 arta parfumeriei franceze cu o viziune contemporan\u0103 asupra elegan\u021bei. Colec\u021bia reune\u0219te arome gurmande, florale, lemnoase \u0219i orientale, [&hellip;]<\/p>\n","protected":false},"author":1,"featured_media":0,"parent":0,"menu_order":0,"comment_status":"closed","ping_status":"closed","template":"","meta":{"footnotes":""},"class_list":["post-5463","page","type-page","status-publish","hentry"],"yoast_head":"<!-- This site is optimized with the Yoast SEO plugin v26.2 - https:\/\/yoast.com\/wordpress\/plugins\/seo\/ -->\n<title>Produse - Kaelisse Perfume Bar<\/title>\n<meta name=\"robots\" content=\"index, follow, max-snippet:-1, max-image-preview:large, max-video-preview:-1\" \/>\n<link rel=\"canonical\" href=\"https:\/\/kaelisse.com\/index.php\/produsele-kaelisse\/\" \/>\n<meta property=\"og:locale\" content=\"en_US\" \/>\n<meta property=\"og:type\" content=\"article\" \/>\n<meta property=\"og:title\" content=\"Produse - Kaelisse Perfume Bar\" \/>\n<meta property=\"og:description\" content=\"Produsele Kaelisse Fiecare parfum Kaelisse este o poveste scris\u0103 \u00een note olfactive.Inspirate din contraste, emo\u021bii \u0219i locuri care trezesc amintiri, esen\u021bele noastre \u00eembin\u0103 arta parfumeriei franceze cu o viziune contemporan\u0103 asupra elegan\u021bei. Colec\u021bia reune\u0219te arome gurmande, florale, lemnoase \u0219i orientale, [&hellip;]\" \/>\n<meta property=\"og:url\" content=\"https:\/\/kaelisse.com\/index.php\/produsele-kaelisse\/\" \/>\n<meta property=\"og:site_name\" content=\"Kaelisse Perfume Bar\" \/>\n<meta property=\"article:publisher\" content=\"https:\/\/www.facebook.com\/kaelisse.perfume.bar\" \/>\n<meta property=\"article:modified_time\" content=\"2025-11-02T20:37:23+00:00\" \/>\n<meta property=\"og:image\" content=\"https:\/\/kaelisse.com\/wp-content\/uploads\/2025\/11\/Eveil-Secret.jpg\" \/>\n\t<meta property=\"og:image:width\" content=\"683\" \/>\n\t<meta property=\"og:image:height\" content=\"1024\" \/>\n\t<meta property=\"og:image:type\" content=\"image\/jpeg\" \/>\n<meta name=\"twitter:card\" content=\"summary_large_image\" \/>\n<meta name=\"twitter:label1\" content=\"Est. reading time\" \/>\n\t<meta name=\"twitter:data1\" content=\"1 minute\" \/>\n<script type=\"application\/ld+json\" class=\"yoast-schema-graph\">{\"@context\":\"https:\/\/schema.org\",\"@graph\":[{\"@type\":\"WebPage\",\"@id\":\"https:\/\/kaelisse.com\/index.php\/produsele-kaelisse\/\",\"url\":\"https:\/\/kaelisse.com\/index.php\/produsele-kaelisse\/\",\"name\":\"Produse - Kaelisse Perfume Bar\",\"isPartOf\":{\"@id\":\"https:\/\/kaelisse.com\/#website\"},\"primaryImageOfPage\":{\"@id\":\"https:\/\/kaelisse.com\/index.php\/produsele-kaelisse\/#primaryimage\"},\"image\":{\"@id\":\"https:\/\/kaelisse.com\/index.php\/produsele-kaelisse\/#primaryimage\"},\"thumbnailUrl\":\"https:\/\/kaelisse.com\/wp-content\/uploads\/2025\/11\/Eveil-Secret.jpg\",\"datePublished\":\"2025-11-02T09:10:05+00:00\",\"dateModified\":\"2025-11-02T20:37:23+00:00\",\"breadcrumb\":{\"@id\":\"https:\/\/kaelisse.com\/index.php\/produsele-kaelisse\/#breadcrumb\"},\"inLanguage\":\"en-US\",\"potentialAction\":[{\"@type\":\"ReadAction\",\"target\":[\"https:\/\/kaelisse.com\/index.php\/produsele-kaelisse\/\"]}]},{\"@type\":\"ImageObject\",\"inLanguage\":\"en-US\",\"@id\":\"https:\/\/kaelisse.com\/index.php\/produsele-kaelisse\/#primaryimage\",\"url\":\"https:\/\/kaelisse.com\/wp-content\/uploads\/2025\/11\/Eveil-Secret.jpg\",\"contentUrl\":\"https:\/\/kaelisse.com\/wp-content\/uploads\/2025\/11\/Eveil-Secret.jpg\",\"width\":4000,\"height\":6000},{\"@type\":\"BreadcrumbList\",\"@id\":\"https:\/\/kaelisse.com\/index.php\/produsele-kaelisse\/#breadcrumb\",\"itemListElement\":[{\"@type\":\"ListItem\",\"position\":1,\"name\":\"Home\",\"item\":\"https:\/\/kaelisse.com\/\"},{\"@type\":\"ListItem\",\"position\":2,\"name\":\"Produse\"}]},{\"@type\":\"WebSite\",\"@id\":\"https:\/\/kaelisse.com\/#website\",\"url\":\"https:\/\/kaelisse.com\/\",\"name\":\"Kaelisse Perfume Bar\",\"description\":\"Kaelisse Perfume Bar\",\"publisher\":{\"@id\":\"https:\/\/kaelisse.com\/#organization\"},\"potentialAction\":[{\"@type\":\"SearchAction\",\"target\":{\"@type\":\"EntryPoint\",\"urlTemplate\":\"https:\/\/kaelisse.com\/?s={search_term_string}\"},\"query-input\":{\"@type\":\"PropertyValueSpecification\",\"valueRequired\":true,\"valueName\":\"search_term_string\"}}],\"inLanguage\":\"en-US\"},{\"@type\":\"Organization\",\"@id\":\"https:\/\/kaelisse.com\/#organization\",\"name\":\"Kaelisse Perfume Bar\",\"url\":\"https:\/\/kaelisse.com\/\",\"logo\":{\"@type\":\"ImageObject\",\"inLanguage\":\"en-US\",\"@id\":\"https:\/\/kaelisse.com\/#\/schema\/logo\/image\/\",\"url\":\"https:\/\/kaelisse.com\/wp-content\/uploads\/2025\/11\/Logo.jpg\",\"contentUrl\":\"https:\/\/kaelisse.com\/wp-content\/uploads\/2025\/11\/Logo.jpg\",\"width\":512,\"height\":512,\"caption\":\"Kaelisse Perfume Bar\"},\"image\":{\"@id\":\"https:\/\/kaelisse.com\/#\/schema\/logo\/image\/\"},\"sameAs\":[\"https:\/\/www.facebook.com\/kaelisse.perfume.bar\"]}]}<\/script>\n<!-- \/ Yoast SEO plugin. -->","yoast_head_json":{"title":"Produse - Kaelisse Perfume Bar","robots":{"index":"index","follow":"follow","max-snippet":"max-snippet:-1","max-image-preview":"max-image-preview:large","max-video-preview":"max-video-preview:-1"},"canonical":"https:\/\/kaelisse.com\/index.php\/produsele-kaelisse\/","og_locale":"en_US","og_type":"article","og_title":"Produse - Kaelisse Perfume Bar","og_description":"Produsele Kaelisse Fiecare parfum Kaelisse este o poveste scris\u0103 \u00een note olfactive.Inspirate din contraste, emo\u021bii \u0219i locuri care trezesc amintiri, esen\u021bele noastre \u00eembin\u0103 arta parfumeriei franceze cu o viziune contemporan\u0103 asupra elegan\u021bei. Colec\u021bia reune\u0219te arome gurmande, florale, lemnoase \u0219i orientale, [&hellip;]","og_url":"https:\/\/kaelisse.com\/index.php\/produsele-kaelisse\/","og_site_name":"Kaelisse Perfume Bar","article_publisher":"https:\/\/www.facebook.com\/kaelisse.perfume.bar","article_modified_time":"2025-11-02T20:37:23+00:00","og_image":[{"url":"https:\/\/kaelisse.com\/wp-content\/uploads\/2025\/11\/Eveil-Secret.jpg","width":683,"height":1024,"type":"image\/jpeg"}],"twitter_card":"summary_large_image","twitter_misc":{"Est. reading time":"1 minute"},"schema":{"@context":"https:\/\/schema.org","@graph":[{"@type":"WebPage","@id":"https:\/\/kaelisse.com\/index.php\/produsele-kaelisse\/","url":"https:\/\/kaelisse.com\/index.php\/produsele-kaelisse\/","name":"Produse - Kaelisse Perfume Bar","isPartOf":{"@id":"https:\/\/kaelisse.com\/#website"},"primaryImageOfPage":{"@id":"https:\/\/kaelisse.com\/index.php\/produsele-kaelisse\/#primaryimage"},"image":{"@id":"https:\/\/kaelisse.com\/index.php\/produsele-kaelisse\/#primaryimage"},"thumbnailUrl":"https:\/\/kaelisse.com\/wp-content\/uploads\/2025\/11\/Eveil-Secret.jpg","datePublished":"2025-11-02T09:10:05+00:00","dateModified":"2025-11-02T20:37:23+00:00","breadcrumb":{"@id":"https:\/\/kaelisse.com\/index.php\/produsele-kaelisse\/#breadcrumb"},"inLanguage":"en-US","potentialAction":[{"@type":"ReadAction","target":["https:\/\/kaelisse.com\/index.php\/produsele-kaelisse\/"]}]},{"@type":"ImageObject","inLanguage":"en-US","@id":"https:\/\/kaelisse.com\/index.php\/produsele-kaelisse\/#primaryimage","url":"https:\/\/kaelisse.com\/wp-content\/uploads\/2025\/11\/Eveil-Secret.jpg","contentUrl":"https:\/\/kaelisse.com\/wp-content\/uploads\/2025\/11\/Eveil-Secret.jpg","width":4000,"height":6000},{"@type":"BreadcrumbList","@id":"https:\/\/kaelisse.com\/index.php\/produsele-kaelisse\/#breadcrumb","itemListElement":[{"@type":"ListItem","position":1,"name":"Home","item":"https:\/\/kaelisse.com\/"},{"@type":"ListItem","position":2,"name":"Produse"}]},{"@type":"WebSite","@id":"https:\/\/kaelisse.com\/#website","url":"https:\/\/kaelisse.com\/","name":"Kaelisse Perfume Bar","description":"Kaelisse Perfume Bar","publisher":{"@id":"https:\/\/kaelisse.com\/#organization"},"potentialAction":[{"@type":"SearchAction","target":{"@type":"EntryPoint","urlTemplate":"https:\/\/kaelisse.com\/?s={search_term_string}"},"query-input":{"@type":"PropertyValueSpecification","valueRequired":true,"valueName":"search_term_string"}}],"inLanguage":"en-US"},{"@type":"Organization","@id":"https:\/\/kaelisse.com\/#organization","name":"Kaelisse Perfume Bar","url":"https:\/\/kaelisse.com\/","logo":{"@type":"ImageObject","inLanguage":"en-US","@id":"https:\/\/kaelisse.com\/#\/schema\/logo\/image\/","url":"https:\/\/kaelisse.com\/wp-content\/uploads\/2025\/11\/Logo.jpg","contentUrl":"https:\/\/kaelisse.com\/wp-content\/uploads\/2025\/11\/Logo.jpg","width":512,"height":512,"caption":"Kaelisse Perfume Bar"},"image":{"@id":"https:\/\/kaelisse.com\/#\/schema\/logo\/image\/"},"sameAs":["https:\/\/www.facebook.com\/kaelisse.perfume.bar"]}]}},"_links":{"self":[{"href":"https:\/\/kaelisse.com\/index.php\/wp-json\/wp\/v2\/pages\/5463","targetHints":{"allow":["GET"]}}],"collection":[{"href":"https:\/\/kaelisse.com\/index.php\/wp-json\/wp\/v2\/pages"}],"about":[{"href":"https:\/\/kaelisse.com\/index.php\/wp-json\/wp\/v2\/types\/page"}],"author":[{"embeddable":true,"href":"https:\/\/kaelisse.com\/index.php\/wp-json\/wp\/v2\/users\/1"}],"replies":[{"embeddable":true,"href":"https:\/\/kaelisse.com\/index.php\/wp-json\/wp\/v2\/comments?post=5463"}],"version-history":[{"count":33,"href":"https:\/\/kaelisse.com\/index.php\/wp-json\/wp\/v2\/pages\/5463\/revisions"}],"predecessor-version":[{"id":5598,"href":"https:\/\/kaelisse.com\/index.php\/wp-json\/wp\/v2\/pages\/5463\/revisions\/5598"}],"wp:attachment":[{"href":"https:\/\/kaelisse.com\/index.php\/wp-json\/wp\/v2\/media?parent=5463"}],"curies":[{"name":"wp","href":"https:\/\/api.w.org\/{rel}","templated":true}]}}