{"id":1307,"date":"2019-08-16T09:17:14","date_gmt":"2019-08-16T09:17:14","guid":{"rendered":"https:\/\/biagiotti.qodeinteractive.com\/?page_id=1307"},"modified":"2025-11-17T10:23:29","modified_gmt":"2025-11-17T10:23:29","slug":"despre-noi","status":"publish","type":"page","link":"https:\/\/kaelisse.com\/index.php\/despre-noi\/","title":{"rendered":"Despre noi"},"content":{"rendered":"\t\t<div data-elementor-type=\"wp-page\" data-elementor-id=\"1307\" class=\"elementor elementor-1307\" data-elementor-post-type=\"page\">\n\t\t\t\t\t\t<section class=\"elementor-section elementor-top-section elementor-element elementor-element-84067ca elementor-section-full_width elementor-section-height-min-height elementor-section-height-default elementor-section-items-middle mkdf-parallax-row-no mkdf-content-aligment-left mkdf-row-grid-no mkdf-disabled-bg-image-bellow-no\" data-id=\"84067ca\" data-element_type=\"section\" data-settings=\"{&quot;background_background&quot;:&quot;classic&quot;}\">\n\t\t\t\t\t\t<div class=\"elementor-container elementor-column-gap-default\">\n\t\t\t\t\t<div class=\"elementor-column elementor-col-100 elementor-top-column elementor-element elementor-element-d5c69af\" data-id=\"d5c69af\" data-element_type=\"column\">\n\t\t\t<div class=\"elementor-widget-wrap\">\n\t\t\t\t\t\t\t<\/div>\n\t\t<\/div>\n\t\t\t\t\t<\/div>\n\t\t<\/section>\n\t\t\t\t<section class=\"elementor-section elementor-top-section elementor-element elementor-element-c93b11c elementor-section-boxed elementor-section-height-default elementor-section-height-default mkdf-parallax-row-no mkdf-content-aligment-left mkdf-row-grid-no mkdf-disabled-bg-image-bellow-no\" data-id=\"c93b11c\" data-element_type=\"section\" data-settings=\"{&quot;background_background&quot;:&quot;classic&quot;}\">\n\t\t\t\t\t\t<div class=\"elementor-container elementor-column-gap-default\">\n\t\t\t\t\t<div class=\"elementor-column elementor-col-33 elementor-top-column elementor-element elementor-element-444d301\" data-id=\"444d301\" data-element_type=\"column\">\n\t\t\t<div class=\"elementor-widget-wrap\">\n\t\t\t\t\t\t\t<\/div>\n\t\t<\/div>\n\t\t\t\t<div class=\"elementor-column elementor-col-33 elementor-top-column elementor-element elementor-element-a04cd25\" data-id=\"a04cd25\" data-element_type=\"column\" data-settings=\"{&quot;background_background&quot;:&quot;classic&quot;}\">\n\t\t\t<div class=\"elementor-widget-wrap elementor-element-populated\">\n\t\t\t\t\t\t<div class=\"elementor-element elementor-element-473d6da elementor-widget elementor-widget-mkdf_section_title\" data-id=\"473d6da\" data-element_type=\"widget\" data-widget_type=\"mkdf_section_title.default\">\n\t\t\t\t<div class=\"elementor-widget-container\">\n\t\t\t\t\t<div class=\"mkdf-section-title-holder   mkdf-st-center-position  \" style=\"text-align: center\">\n\t<div class=\"mkdf-st-inner\">\n\t\t\t\t\t\t\t\t\t<h2 class=\"mkdf-st-title\" >\n\t\t\t\tPovestea ta scris\u0103 \u00een note de parfum\t\t\t<\/h2>\n\t\t\t\t\t\t\t\t\t<p class=\"mkdf-st-text\" style=\"line-height: 20px;margin-top: 12px\">\n\t\t\t\tKAELISSE este o parfumerie artizanal\u0103, un concept unic \u00een Europa, unde parfumul devine o experien\u021b\u0103 personal\u0103. Aici \u00ee\u021bi po\u021bi crea propriul parfum, ghidat de speciali\u0219ti care te conduc printre esen\u021be autentice \u2014 florale, citrice, lemnoase sau orientale.\n\nFiecare parfum este creat manual, \u00eentr-o concentra\u021bie de 30%, specific\u0103 parfumurilor de tip extrait, folosind esen\u021be premium dezvoltate \u00een colaborare cu parfumieri din Fran\u021ba \u0219i Orientul Mijlociu. Rezultatul nu este doar o arom\u0103, ci o semn\u0103tur\u0103 olfactiv\u0103 \u2014 un parfum care vorbe\u0219te despre tine f\u0103r\u0103 cuvinte.\n\nKAELISSE \u2013 Parfumul t\u0103u, povestea ta.\t\t\t<\/p>\n\t\t\t\t\t\t\t\t\t<\/div>\n<\/div>\t\t\t\t<\/div>\n\t\t\t\t<\/div>\n\t\t\t\t\t<\/div>\n\t\t<\/div>\n\t\t\t\t<div class=\"elementor-column elementor-col-33 elementor-top-column elementor-element elementor-element-3798bfa\" data-id=\"3798bfa\" data-element_type=\"column\">\n\t\t\t<div class=\"elementor-widget-wrap\">\n\t\t\t\t\t\t\t<\/div>\n\t\t<\/div>\n\t\t\t\t\t<\/div>\n\t\t<\/section>\n\t\t\t\t<section class=\"elementor-section elementor-top-section elementor-element elementor-element-db1d9e2 elementor-section-full_width mkdf-content-aligment-center elementor-section-height-default elementor-section-height-default mkdf-parallax-row-no mkdf-row-grid-no mkdf-disabled-bg-image-bellow-no\" data-id=\"db1d9e2\" data-element_type=\"section\" data-settings=\"{&quot;background_background&quot;:&quot;classic&quot;}\">\n\t\t\t\t\t\t<div class=\"elementor-container elementor-column-gap-default\">\n\t\t\t\t\t<div class=\"elementor-column elementor-col-100 elementor-top-column elementor-element elementor-element-43c3dbd\" data-id=\"43c3dbd\" data-element_type=\"column\">\n\t\t\t<div class=\"elementor-widget-wrap elementor-element-populated\">\n\t\t\t\t\t\t<div class=\"elementor-element elementor-element-3b065d4 elementor-widget elementor-widget-mkdf_section_title\" data-id=\"3b065d4\" data-element_type=\"widget\" data-widget_type=\"mkdf_section_title.default\">\n\t\t\t\t<div class=\"elementor-widget-container\">\n\t\t\t\t\t<div class=\"mkdf-section-title-holder  mkdf-st-top-tagline-position   \" >\n\t<div class=\"mkdf-st-inner\">\n\t\t\t\t\t\t\t<span class=\"mkdf-st-tagline\" style=\"color: #E5E5E5\">\n\t\t\t\tKaelisse\t\t\t<\/span>\n\t\t\t\t\t\t\t<h2 class=\"mkdf-st-title\" >\n\t\t\t\tPove\u0219ti scrise \u00een note de parfum\t\t\t<\/h2>\n\t\t\t\t\t\t\t\t\t\t\t\t\t<\/div>\n<\/div>\t\t\t\t<\/div>\n\t\t\t\t<\/div>\n\t\t\t\t\t<\/div>\n\t\t<\/div>\n\t\t\t\t\t<\/div>\n\t\t<\/section>\n\t\t<div class=\"elementor-element elementor-element-a707a19 e-flex e-con-boxed e-con e-parent\" data-id=\"a707a19\" data-element_type=\"container\">\n\t\t\t\t\t<div class=\"e-con-inner\">\n\t\t\t\t<div class=\"elementor-element elementor-element-826e990 elementor-widget elementor-widget-mkdf_team\" data-id=\"826e990\" data-element_type=\"widget\" data-widget_type=\"mkdf_team.default\">\n\t\t\t\t<div class=\"elementor-widget-container\">\n\t\t\t\t\t<div class=\"mkdf-team-holder mkdf-team-left\">\n\t<div class=\"mkdf-team-inner\">\n\t\t\t\t\t<div class=\"mkdf-team-image\">\n                <img fetchpriority=\"high\" decoding=\"async\" width=\"3648\" height=\"3648\" src=\"https:\/\/kaelisse.com\/wp-content\/uploads\/2025\/11\/0V0A1813-1.jpg\" class=\"attachment-full size-full\" alt=\"\" \/>\t\t\t\t\t\t\t<\/div>\n\t\t\t\t<div class=\"mkdf-team-info\">\n\t\t\t\t\t\t\t<h2 class=\"mkdf-team-name\" >Damaris<\/h2>\n\t\t\t\t\t\t\t\t\t\t<h5 class=\"mkdf-team-position\" >Fondator<\/h5>\n\t\t\t\t\t\t\t\t\t\t<p class=\"mkdf-team-text\" >Povestea Kaelisse a \u00eenceput din pasiunea lui Damaris pentru frumos, rafinament \u0219i autenticitate. Ea a transformat o idee \u00eentr-o experien\u021b\u0103 senzorial\u0103 complet\u0103, \u00een care fiecare detaliu conteaz\u0103 \u2014 de la esen\u021bele alese cu grij\u0103, p\u00e2n\u0103 la modul \u00een care parfumul prinde via\u021b\u0103 \u00een m\u00e2inile celor care \u00eel poart\u0103.  Viziunea sa este simpl\u0103, dar profund\u0103: parfumul este o form\u0103 de art\u0103, iar fiecare arom\u0103 trebuie s\u0103 spun\u0103 o poveste. Prin Kaelisse, Damaris \u00ee\u0219i propune s\u0103 ofere nu doar produse de lux, ci momente de inspira\u021bie, emo\u021bie \u0219i elegan\u021b\u0103 autentic\u0103.  Cu o abordare cald\u0103 \u0219i o aten\u021bie aparte pentru oameni, fondatoarea Kaelisse a creat un brand care vorbe\u0219te despre echilibru, rafinament \u0219i expresie personal\u0103 \u2014 valori care definesc fiecare crea\u021bie Kaelisse.<\/p>\n\t\t\t\t\t\t\t\t\t\t<div class=\"mkdf-team-social-holder\">\n\t\t\t\t\t\t\t\t\t\t\t<span class=\"mkdf-team-icon\">    <span class=\"mkdf-icon-shortcode mkdf-normal   \">\n                    <a class=\"\" href=\"https:\/\/www.facebook.com\/profile.php?id=61581703898377\" target=\"_blank\">\n                    <i class=\"mkdf-icon-ion-icon ion-social-facebook mkdf-icon-element\"><\/i>                    <\/a>\n            <\/span>\n<\/span>\n\t\t\t\t\t\t\t\t\t\t\t<span class=\"mkdf-team-icon\">    <span class=\"mkdf-icon-shortcode mkdf-normal   \">\n                    <a class=\"\" href=\"https:\/\/www.instagram.com\/kaelisse.perfume.bar\/\" target=\"_blank\">\n                    <i class=\"mkdf-icon-ion-icon ion-social-instagram mkdf-icon-element\"><\/i>                    <\/a>\n            <\/span>\n<\/span>\n\t\t\t\t\t\t\t\t\t<\/div>\n\t\t\t\t\t<\/div>\n\t<\/div>\n<\/div>\t\t\t\t<\/div>\n\t\t\t\t<\/div>\n\t\t\t\t\t<\/div>\n\t\t\t\t<\/div>\n\t\t\t\t<\/div>\n\t\t","protected":false},"excerpt":{"rendered":"<p>Povestea ta scris\u0103 \u00een note de parfum KAELISSE este o parfumerie artizanal\u0103, un concept unic \u00een Europa, unde parfumul devine o experien\u021b\u0103 personal\u0103. Aici \u00ee\u021bi po\u021bi crea propriul parfum, ghidat de speciali\u0219ti care te conduc printre esen\u021be autentice \u2014 florale, [&hellip;]<\/p>\n","protected":false},"author":1,"featured_media":0,"parent":0,"menu_order":0,"comment_status":"closed","ping_status":"closed","template":"full-width.php","meta":{"footnotes":""},"class_list":["post-1307","page","type-page","status-publish","hentry"],"yoast_head":"<!-- This site is optimized with the Yoast SEO plugin v26.2 - https:\/\/yoast.com\/wordpress\/plugins\/seo\/ -->\n<title>Despre noi - Kaelisse Perfume Bar<\/title>\n<meta name=\"robots\" content=\"index, follow, max-snippet:-1, max-image-preview:large, max-video-preview:-1\" \/>\n<link rel=\"canonical\" href=\"https:\/\/kaelisse.com\/index.php\/despre-noi\/\" \/>\n<meta property=\"og:locale\" content=\"en_US\" \/>\n<meta property=\"og:type\" content=\"article\" \/>\n<meta property=\"og:title\" content=\"Despre noi - Kaelisse Perfume Bar\" \/>\n<meta property=\"og:description\" content=\"Povestea ta scris\u0103 \u00een note de parfum KAELISSE este o parfumerie artizanal\u0103, un concept unic \u00een Europa, unde parfumul devine o experien\u021b\u0103 personal\u0103. Aici \u00ee\u021bi po\u021bi crea propriul parfum, ghidat de speciali\u0219ti care te conduc printre esen\u021be autentice \u2014 florale, [&hellip;]\" \/>\n<meta property=\"og:url\" content=\"https:\/\/kaelisse.com\/index.php\/despre-noi\/\" \/>\n<meta property=\"og:site_name\" content=\"Kaelisse Perfume Bar\" \/>\n<meta property=\"article:publisher\" content=\"https:\/\/www.facebook.com\/kaelisse.perfume.bar\" \/>\n<meta property=\"article:modified_time\" content=\"2025-11-17T10:23:29+00:00\" \/>\n<meta property=\"og:image\" content=\"https:\/\/kaelisse.com\/wp-content\/uploads\/2025\/11\/0V0A1813-1.jpg\" \/>\n<meta name=\"twitter:card\" content=\"summary_large_image\" \/>\n<meta name=\"twitter:label1\" content=\"Est. reading time\" \/>\n\t<meta name=\"twitter:data1\" content=\"1 minute\" \/>\n<script type=\"application\/ld+json\" class=\"yoast-schema-graph\">{\"@context\":\"https:\/\/schema.org\",\"@graph\":[{\"@type\":\"WebPage\",\"@id\":\"https:\/\/kaelisse.com\/index.php\/despre-noi\/\",\"url\":\"https:\/\/kaelisse.com\/index.php\/despre-noi\/\",\"name\":\"Despre noi - Kaelisse Perfume Bar\",\"isPartOf\":{\"@id\":\"https:\/\/kaelisse.com\/#website\"},\"primaryImageOfPage\":{\"@id\":\"https:\/\/kaelisse.com\/index.php\/despre-noi\/#primaryimage\"},\"image\":{\"@id\":\"https:\/\/kaelisse.com\/index.php\/despre-noi\/#primaryimage\"},\"thumbnailUrl\":\"https:\/\/kaelisse.com\/wp-content\/uploads\/2025\/11\/0V0A1813-1.jpg\",\"datePublished\":\"2019-08-16T09:17:14+00:00\",\"dateModified\":\"2025-11-17T10:23:29+00:00\",\"breadcrumb\":{\"@id\":\"https:\/\/kaelisse.com\/index.php\/despre-noi\/#breadcrumb\"},\"inLanguage\":\"en-US\",\"potentialAction\":[{\"@type\":\"ReadAction\",\"target\":[\"https:\/\/kaelisse.com\/index.php\/despre-noi\/\"]}]},{\"@type\":\"ImageObject\",\"inLanguage\":\"en-US\",\"@id\":\"https:\/\/kaelisse.com\/index.php\/despre-noi\/#primaryimage\",\"url\":\"https:\/\/kaelisse.com\/wp-content\/uploads\/2025\/11\/0V0A1813-1.jpg\",\"contentUrl\":\"https:\/\/kaelisse.com\/wp-content\/uploads\/2025\/11\/0V0A1813-1.jpg\",\"width\":3648,\"height\":3648},{\"@type\":\"BreadcrumbList\",\"@id\":\"https:\/\/kaelisse.com\/index.php\/despre-noi\/#breadcrumb\",\"itemListElement\":[{\"@type\":\"ListItem\",\"position\":1,\"name\":\"Home\",\"item\":\"https:\/\/kaelisse.com\/\"},{\"@type\":\"ListItem\",\"position\":2,\"name\":\"Despre noi\"}]},{\"@type\":\"WebSite\",\"@id\":\"https:\/\/kaelisse.com\/#website\",\"url\":\"https:\/\/kaelisse.com\/\",\"name\":\"Kaelisse Perfume Bar\",\"description\":\"Kaelisse Perfume Bar\",\"publisher\":{\"@id\":\"https:\/\/kaelisse.com\/#organization\"},\"potentialAction\":[{\"@type\":\"SearchAction\",\"target\":{\"@type\":\"EntryPoint\",\"urlTemplate\":\"https:\/\/kaelisse.com\/?s={search_term_string}\"},\"query-input\":{\"@type\":\"PropertyValueSpecification\",\"valueRequired\":true,\"valueName\":\"search_term_string\"}}],\"inLanguage\":\"en-US\"},{\"@type\":\"Organization\",\"@id\":\"https:\/\/kaelisse.com\/#organization\",\"name\":\"Kaelisse Perfume Bar\",\"url\":\"https:\/\/kaelisse.com\/\",\"logo\":{\"@type\":\"ImageObject\",\"inLanguage\":\"en-US\",\"@id\":\"https:\/\/kaelisse.com\/#\/schema\/logo\/image\/\",\"url\":\"https:\/\/kaelisse.com\/wp-content\/uploads\/2025\/11\/Logo.jpg\",\"contentUrl\":\"https:\/\/kaelisse.com\/wp-content\/uploads\/2025\/11\/Logo.jpg\",\"width\":512,\"height\":512,\"caption\":\"Kaelisse Perfume Bar\"},\"image\":{\"@id\":\"https:\/\/kaelisse.com\/#\/schema\/logo\/image\/\"},\"sameAs\":[\"https:\/\/www.facebook.com\/kaelisse.perfume.bar\"]}]}<\/script>\n<!-- \/ Yoast SEO plugin. -->","yoast_head_json":{"title":"Despre noi - Kaelisse Perfume Bar","robots":{"index":"index","follow":"follow","max-snippet":"max-snippet:-1","max-image-preview":"max-image-preview:large","max-video-preview":"max-video-preview:-1"},"canonical":"https:\/\/kaelisse.com\/index.php\/despre-noi\/","og_locale":"en_US","og_type":"article","og_title":"Despre noi - Kaelisse Perfume Bar","og_description":"Povestea ta scris\u0103 \u00een note de parfum KAELISSE este o parfumerie artizanal\u0103, un concept unic \u00een Europa, unde parfumul devine o experien\u021b\u0103 personal\u0103. Aici \u00ee\u021bi po\u021bi crea propriul parfum, ghidat de speciali\u0219ti care te conduc printre esen\u021be autentice \u2014 florale, [&hellip;]","og_url":"https:\/\/kaelisse.com\/index.php\/despre-noi\/","og_site_name":"Kaelisse Perfume Bar","article_publisher":"https:\/\/www.facebook.com\/kaelisse.perfume.bar","article_modified_time":"2025-11-17T10:23:29+00:00","og_image":[{"url":"https:\/\/kaelisse.com\/wp-content\/uploads\/2025\/11\/0V0A1813-1.jpg","type":"","width":"","height":""}],"twitter_card":"summary_large_image","twitter_misc":{"Est. reading time":"1 minute"},"schema":{"@context":"https:\/\/schema.org","@graph":[{"@type":"WebPage","@id":"https:\/\/kaelisse.com\/index.php\/despre-noi\/","url":"https:\/\/kaelisse.com\/index.php\/despre-noi\/","name":"Despre noi - Kaelisse Perfume Bar","isPartOf":{"@id":"https:\/\/kaelisse.com\/#website"},"primaryImageOfPage":{"@id":"https:\/\/kaelisse.com\/index.php\/despre-noi\/#primaryimage"},"image":{"@id":"https:\/\/kaelisse.com\/index.php\/despre-noi\/#primaryimage"},"thumbnailUrl":"https:\/\/kaelisse.com\/wp-content\/uploads\/2025\/11\/0V0A1813-1.jpg","datePublished":"2019-08-16T09:17:14+00:00","dateModified":"2025-11-17T10:23:29+00:00","breadcrumb":{"@id":"https:\/\/kaelisse.com\/index.php\/despre-noi\/#breadcrumb"},"inLanguage":"en-US","potentialAction":[{"@type":"ReadAction","target":["https:\/\/kaelisse.com\/index.php\/despre-noi\/"]}]},{"@type":"ImageObject","inLanguage":"en-US","@id":"https:\/\/kaelisse.com\/index.php\/despre-noi\/#primaryimage","url":"https:\/\/kaelisse.com\/wp-content\/uploads\/2025\/11\/0V0A1813-1.jpg","contentUrl":"https:\/\/kaelisse.com\/wp-content\/uploads\/2025\/11\/0V0A1813-1.jpg","width":3648,"height":3648},{"@type":"BreadcrumbList","@id":"https:\/\/kaelisse.com\/index.php\/despre-noi\/#breadcrumb","itemListElement":[{"@type":"ListItem","position":1,"name":"Home","item":"https:\/\/kaelisse.com\/"},{"@type":"ListItem","position":2,"name":"Despre noi"}]},{"@type":"WebSite","@id":"https:\/\/kaelisse.com\/#website","url":"https:\/\/kaelisse.com\/","name":"Kaelisse Perfume Bar","description":"Kaelisse Perfume Bar","publisher":{"@id":"https:\/\/kaelisse.com\/#organization"},"potentialAction":[{"@type":"SearchAction","target":{"@type":"EntryPoint","urlTemplate":"https:\/\/kaelisse.com\/?s={search_term_string}"},"query-input":{"@type":"PropertyValueSpecification","valueRequired":true,"valueName":"search_term_string"}}],"inLanguage":"en-US"},{"@type":"Organization","@id":"https:\/\/kaelisse.com\/#organization","name":"Kaelisse Perfume Bar","url":"https:\/\/kaelisse.com\/","logo":{"@type":"ImageObject","inLanguage":"en-US","@id":"https:\/\/kaelisse.com\/#\/schema\/logo\/image\/","url":"https:\/\/kaelisse.com\/wp-content\/uploads\/2025\/11\/Logo.jpg","contentUrl":"https:\/\/kaelisse.com\/wp-content\/uploads\/2025\/11\/Logo.jpg","width":512,"height":512,"caption":"Kaelisse Perfume Bar"},"image":{"@id":"https:\/\/kaelisse.com\/#\/schema\/logo\/image\/"},"sameAs":["https:\/\/www.facebook.com\/kaelisse.perfume.bar"]}]}},"_links":{"self":[{"href":"https:\/\/kaelisse.com\/index.php\/wp-json\/wp\/v2\/pages\/1307","targetHints":{"allow":["GET"]}}],"collection":[{"href":"https:\/\/kaelisse.com\/index.php\/wp-json\/wp\/v2\/pages"}],"about":[{"href":"https:\/\/kaelisse.com\/index.php\/wp-json\/wp\/v2\/types\/page"}],"author":[{"embeddable":true,"href":"https:\/\/kaelisse.com\/index.php\/wp-json\/wp\/v2\/users\/1"}],"replies":[{"embeddable":true,"href":"https:\/\/kaelisse.com\/index.php\/wp-json\/wp\/v2\/comments?post=1307"}],"version-history":[{"count":48,"href":"https:\/\/kaelisse.com\/index.php\/wp-json\/wp\/v2\/pages\/1307\/revisions"}],"predecessor-version":[{"id":5660,"href":"https:\/\/kaelisse.com\/index.php\/wp-json\/wp\/v2\/pages\/1307\/revisions\/5660"}],"wp:attachment":[{"href":"https:\/\/kaelisse.com\/index.php\/wp-json\/wp\/v2\/media?parent=1307"}],"curies":[{"name":"wp","href":"https:\/\/api.w.org\/{rel}","templated":true}]}}